{"id":86,"date":"2013-12-18T15:03:02","date_gmt":"2013-12-18T15:03:02","guid":{"rendered":"https:\/\/www.ustarku.cz?page_id=86"},"modified":"2015-11-13T13:12:14","modified_gmt":"2015-11-13T13:12:14","slug":"fotoalbum","status":"publish","type":"page","link":"https:\/\/www.ustarku.cz\/?page_id=86","title":{"rendered":"Fotoalbum"},"content":{"rendered":"<p><a href=\"http:\/\/www.virtualfoto.cz\/b\/\" target=\"_blank\">Panoramatick\u00e9 sn\u00edmky skl\u00edpku<\/a><br \/>\nNominace J.St\u00e1rka na ocen\u011bn\u00ed <a href=\"https:\/\/youtu.be\/Avk2lhmZMpE\" target=\"_blank\">\u017divnostn\u00edk roku 2012<\/a> (video)<br \/>\nngg_shortcode_0_placeholder<\/p>\n","protected":false},"excerpt":{"rendered":"<p>Panoramatick\u00e9 sn\u00edmky skl\u00edpku Nominace J.St\u00e1rka na ocen\u011bn\u00ed \u017divnostn\u00edk roku 2012 (video)<\/p>\n","protected":false},"author":1,"featured_media":0,"parent":0,"menu_order":0,"comment_status":"open","ping_status":"open","template":"","meta":{"ngg_post_thumbnail":0},"_links":{"self":[{"href":"https:\/\/www.ustarku.cz\/index.php?rest_route=\/wp\/v2\/pages\/86"}],"collection":[{"href":"https:\/\/www.ustarku.cz\/index.php?rest_route=\/wp\/v2\/pages"}],"about":[{"href":"https:\/\/www.ustarku.cz\/index.php?rest_route=\/wp\/v2\/types\/page"}],"author":[{"embeddable":true,"href":"https:\/\/www.ustarku.cz\/index.php?rest_route=\/wp\/v2\/users\/1"}],"replies":[{"embeddable":true,"href":"https:\/\/www.ustarku.cz\/index.php?rest_route=%2Fwp%2Fv2%2Fcomments&post=86"}],"version-history":[{"count":6,"href":"https:\/\/www.ustarku.cz\/index.php?rest_route=\/wp\/v2\/pages\/86\/revisions"}],"predecessor-version":[{"id":379,"href":"https:\/\/www.ustarku.cz\/index.php?rest_route=\/wp\/v2\/pages\/86\/revisions\/379"}],"wp:attachment":[{"href":"https:\/\/www.ustarku.cz\/index.php?rest_route=%2Fwp%2Fv2%2Fmedia&parent=86"}],"curies":[{"name":"wp","href":"https:\/\/api.w.org\/{rel}","templated":true}]}}