{"id":69,"date":"2013-12-05T13:28:11","date_gmt":"2013-12-05T13:28:11","guid":{"rendered":"https:\/\/www.ustarku.cz?page_id=69"},"modified":"2022-02-09T09:37:24","modified_gmt":"2022-02-09T09:37:24","slug":"o-nas","status":"publish","type":"page","link":"https:\/\/www.ustarku.cz\/","title":{"rendered":"\u00davod"},"content":{"rendered":"<p>Vinn\u00fd sklep jsem otev\u0159el 1. 8. 1993 a budoval jsem ho 2 roky sv\u00e9pomoc\u00ed podle vzor\u016f z ji\u017en\u00ed Moravy. V\u00edno a vina\u0159stv\u00ed m\u011b u\u010darovalo v Mikulov\u011b v m\u00fdch 18 letech a j\u00e1 v\u011bd\u011bl, \u017ee je to kr\u00e1sn\u00fd osud.&nbsp;&nbsp;Vystudoval jsem kvasnou chemii p\u0159i Vysok\u00e9 \u0161kole Chemicko-Technologick\u00e9 v Praze. Po \u0161kole jsem slo\u017eil degusta\u010dn\u00ed zkou\u0161ky a pracoval v laborato\u0159i jako degust\u00e1tor a analytik p\u0159es ve\u0161ker\u00e1 tuzemsk\u00e1 i dov\u00e1\u017een\u00e1 v\u00edna. Na z\u00e1klad\u011b dlouholet\u00fdch zku\u0161enost\u00ed ji\u017e 29 let d\u011bl\u00e1m co m\u011b bav\u00ed.<\/p>\n<p><strong>Byl jsem:<\/strong><\/p>\n<ul>\n<li>\u010dlenem oce\u0148ovac\u00ed komise r\u00e9vov\u00fdch v\u00edn<\/li>\n<li>\u010dlenem komise znalc\u016f r\u00e9vov\u00fdch v\u00edn<\/li>\n<li>s P\u0159emkem Podlahou jsem v Recept\u00e1\u0159i spolupracoval v n\u011bkter\u00fdch po\u0159edech o vina\u0159stv\u00ed<\/li>\n<\/ul>\n<p><strong>Prodej v\u00edna:<\/strong><\/p>\n<ul>\n<li>prod\u00e1v\u00e1me pouze \u010desk\u00e1 a moravsk\u00e1 v\u00edna<\/li>\n<li>p\u0159evl\u00e1d\u00e1 prodej sudov\u00e9ho v\u00edna &#8211; \u0161irok\u00fd sortiment (12 a\u017e 16 odr\u016fd)<\/li>\n<li>asi jako jedin\u00ed v Praze neprod\u00e1v\u00e1me v\u00edno pod dus\u00edkem (bez dus\u00edku uchov\u00e1v\u00e1n\u00ed je n\u00e1ro\u010dn\u00e9, ale stoj\u00ed zato)<\/li>\n<\/ul>\n<p><strong>Akce:<\/strong><\/p>\n<ul>\n<li>od roku 1993 zalo\u017een klub p\u0159\u00e1tel dobr\u00e9ho v\u00edna. Sch\u00e1z\u00edme se p\u0159ev\u00e1\u017en\u011b v \u00fater\u00fd a v p\u00e1tek, kdy ochutn\u00e1v\u00e1me v\u00edna na\u0161ich vina\u0159\u016f<\/li>\n<li>ochutn\u00e1vky Svatomartinsk\u00fdch v\u00edn<\/li>\n<li>Mikul\u00e1\u0161sk\u00e1 ochtn\u00e1vka &#8211; humorn\u00e1 sout\u011b\u017e &#8211; uka\u017e jazyk s chu\u0165ov\u00fdmi poh\u00e1rky<\/li>\n<\/ul>\n<p>&nbsp;<\/p>\n<pre>&nbsp;<\/pre>\n","protected":false},"excerpt":{"rendered":"<p>Vinn\u00fd sklep jsem otev\u0159el 1. 8. 1993 a budoval jsem ho 2 roky sv\u00e9pomoc\u00ed podle vzor\u016f z ji\u017en\u00ed Moravy. V\u00edno a vina\u0159stv\u00ed m\u011b u\u010darovalo v Mikulov\u011b v m\u00fdch 18 letech a j\u00e1 v\u011bd\u011bl, \u017ee je to kr\u00e1sn\u00fd osud.&nbsp;&nbsp;Vystudoval jsem kvasnou chemii p\u0159i Vysok\u00e9 \u0161kole Chemicko-Technologick\u00e9 v Praze. Po \u0161kole jsem slo\u017eil degusta\u010dn\u00ed zkou\u0161ky a pracoval [&hellip;]<\/p>\n","protected":false},"author":2,"featured_media":0,"parent":0,"menu_order":0,"comment_status":"open","ping_status":"open","template":"","meta":{"ngg_post_thumbnail":0},"_links":{"self":[{"href":"https:\/\/www.ustarku.cz\/index.php?rest_route=\/wp\/v2\/pages\/69"}],"collection":[{"href":"https:\/\/www.ustarku.cz\/index.php?rest_route=\/wp\/v2\/pages"}],"about":[{"href":"https:\/\/www.ustarku.cz\/index.php?rest_route=\/wp\/v2\/types\/page"}],"author":[{"embeddable":true,"href":"https:\/\/www.ustarku.cz\/index.php?rest_route=\/wp\/v2\/users\/2"}],"replies":[{"embeddable":true,"href":"https:\/\/www.ustarku.cz\/index.php?rest_route=%2Fwp%2Fv2%2Fcomments&post=69"}],"version-history":[{"count":12,"href":"https:\/\/www.ustarku.cz\/index.php?rest_route=\/wp\/v2\/pages\/69\/revisions"}],"predecessor-version":[{"id":747,"href":"https:\/\/www.ustarku.cz\/index.php?rest_route=\/wp\/v2\/pages\/69\/revisions\/747"}],"wp:attachment":[{"href":"https:\/\/www.ustarku.cz\/index.php?rest_route=%2Fwp%2Fv2%2Fmedia&parent=69"}],"curies":[{"name":"wp","href":"https:\/\/api.w.org\/{rel}","templated":true}]}}