{"id":170,"date":"2014-01-10T12:11:32","date_gmt":"2014-01-10T12:11:32","guid":{"rendered":"https:\/\/www.ustarku.cz?page_id=170"},"modified":"2025-01-06T13:34:32","modified_gmt":"2025-01-06T13:34:32","slug":"cenik-vin-a-ostatnich-napoju","status":"publish","type":"page","link":"https:\/\/www.ustarku.cz\/?page_id=170","title":{"rendered":"Cen\u00edk v\u00edn a ostatn\u00edch n\u00e1poj\u016f"},"content":{"rendered":"<p><img decoding=\"async\" loading=\"lazy\" class=\"size-full wp-image-175 alignright\" src=\"https:\/\/www.ustarku.cz\/wp-content\/uploads\/2014\/01\/VineckaMoje.jpg\" alt=\"VineckaMoje\" width=\"300\" height=\"225\"><\/p>\n<table border=\"0\">\n<tbody>\n<tr>\n<td style=\"border: 1px solid #f9f8c8;\" colspan=\"3\">\n<h2><span style=\"font-family: Arial, Helvetica, sans-serif; font-size: 14px; font-weight: bold; color: #993300;\">Cena sudov\u00fdch v\u00edn:<\/span><\/h2>\n<\/td>\n<\/tr>\n<tr>\n<td style=\"border: 1px solid #f9f8c8;\" colspan=\"3\">&nbsp;<\/td>\n<\/tr>\n<tr>\n<td style=\"border: 1px solid #f9f8c8;\" colspan=\"3\">1l&nbsp; 250,- K\u010d<\/td>\n<\/tr>\n<tr>\n<td style=\"border: 1px solid #f9f8c8;\" colspan=\"3\">1dcl 25,- K\u010d<\/td>\n<\/tr>\n<tr>\n<td style=\"border: 1px solid #f9f8c8;\" colspan=\"3\">2dcl sva\u0159en\u00e9 v\u00edno 65,- K\u010d<\/td>\n<\/tr>\n<tr>\n<td style=\"border: 1px solid #f9f8c8;\" colspan=\"3\">\n<h2><span style=\"font-family: Arial, Helvetica, sans-serif; font-size: 14px; font-weight: bold; color: #993300;\">Lahvov\u00e1 v\u00edna:<\/span><\/h2>\n<\/td>\n<\/tr>\n<tr>\n<td style=\"border: 1px solid #f9f8c8;\" colspan=\"3\">\u0160irok\u00fd sortiment \u010desk\u00fdch a moravsk\u00fdch v\u00edn v\u010detn\u011b v\u00edn star\u0161\u00edch ro\u010dn\u00edk\u016f.<br \/>\nCeny jsou uvedeny u nab\u00eddky v\u00edn p\u0159es ulici<\/td>\n<\/tr>\n<tr>\n<td style=\"border: 1px solid #f9f8c8;\">&nbsp;<\/td>\n<td style=\"border: 1px solid #f9f8c8;\">&nbsp;<\/td>\n<td style=\"border: 1px solid #f9f8c8;\">&nbsp;<\/td>\n<td colspan=\"3\">&nbsp;<\/td>\n<\/tr>\n<tr>\n<td style=\"border: 1px solid #f9f8c8;\" colspan=\"3\">\n<h2><span style=\"font-family: Arial, Helvetica, sans-serif; font-size: 14px; font-weight: bold; color: #993300;\">Nealko:<\/span><\/h2>\n<\/td>\n<\/tr>\n<tr>\n<td style=\"border: 1px solid #f9f8c8;\" colspan=\"2\">1dcl Kohoutkov\u00e1<\/td>\n<td style=\"border: 1px solid #f9f8c8;\" align=\"left\">&nbsp;2,- K\u010d<\/td>\n<\/tr>\n<tr>\n<td style=\"border: 1px solid #f9f8c8;\" colspan=\"2\">1dcl Soda<\/td>\n<td style=\"border: 1px solid #f9f8c8;\" align=\"left\">&nbsp;4,- K\u010d<\/td>\n<\/tr>\n<tr>\n<td style=\"border: 1px solid #f9f8c8;\" colspan=\"2\">1dcl Cola<\/td>\n<td style=\"border: 1px solid #f9f8c8;\" align=\"left\">&nbsp;8,- K\u010d<\/td>\n<\/tr>\n<tr>\n<td style=\"border: 1px solid #f9f8c8;\" colspan=\"2\">\u010caj (ovocn\u00fd, \u010dern\u00fd)<\/td>\n<td style=\"border: 1px solid #f9f8c8;\" align=\"left\">30,- K\u010d<\/td>\n<\/tr>\n<tr>\n<td style=\"border: 1px solid #f9f8c8;\" colspan=\"2\">K\u00e1va &nbsp;Tureck\u00e1<\/td>\n<td style=\"border: 1px solid #f9f8c8;\" align=\"left\">35,- K\u010d<\/td>\n<\/tr>\n<tr>\n<td style=\"border: 1px solid #f9f8c8;\" colspan=\"2\">K\u00e1va &nbsp;Nescaf\u00e9<\/td>\n<td style=\"border: 1px solid #f9f8c8;\" align=\"left\">35,- K\u010d<\/td>\n<\/tr>\n<tr>\n<td style=\"border: 1px solid #f9f8c8;\" colspan=\"2\">Smetana do k\u00e1vy<\/td>\n<td style=\"border: 1px solid #f9f8c8;\" align=\"left\">&nbsp;5,- K\u010d<\/td>\n<\/tr>\n<\/tbody>\n<\/table>\n<p>&nbsp;<\/p>\n","protected":false},"excerpt":{"rendered":"<p>Cena sudov\u00fdch v\u00edn: &nbsp; 1l&nbsp; 250,- K\u010d 1dcl 25,- K\u010d 2dcl sva\u0159en\u00e9 v\u00edno 65,- K\u010d Lahvov\u00e1 v\u00edna: \u0160irok\u00fd sortiment \u010desk\u00fdch a moravsk\u00fdch v\u00edn v\u010detn\u011b v\u00edn star\u0161\u00edch ro\u010dn\u00edk\u016f. Ceny jsou uvedeny u nab\u00eddky v\u00edn p\u0159es ulici &nbsp; &nbsp; &nbsp; &nbsp; Nealko: 1dcl Kohoutkov\u00e1 &nbsp;2,- K\u010d 1dcl Soda &nbsp;4,- K\u010d 1dcl Cola &nbsp;8,- K\u010d \u010caj (ovocn\u00fd, \u010dern\u00fd) [&hellip;]<\/p>\n","protected":false},"author":1,"featured_media":0,"parent":0,"menu_order":0,"comment_status":"open","ping_status":"open","template":"","meta":{"ngg_post_thumbnail":0},"_links":{"self":[{"href":"https:\/\/www.ustarku.cz\/index.php?rest_route=\/wp\/v2\/pages\/170"}],"collection":[{"href":"https:\/\/www.ustarku.cz\/index.php?rest_route=\/wp\/v2\/pages"}],"about":[{"href":"https:\/\/www.ustarku.cz\/index.php?rest_route=\/wp\/v2\/types\/page"}],"author":[{"embeddable":true,"href":"https:\/\/www.ustarku.cz\/index.php?rest_route=\/wp\/v2\/users\/1"}],"replies":[{"embeddable":true,"href":"https:\/\/www.ustarku.cz\/index.php?rest_route=%2Fwp%2Fv2%2Fcomments&post=170"}],"version-history":[{"count":20,"href":"https:\/\/www.ustarku.cz\/index.php?rest_route=\/wp\/v2\/pages\/170\/revisions"}],"predecessor-version":[{"id":840,"href":"https:\/\/www.ustarku.cz\/index.php?rest_route=\/wp\/v2\/pages\/170\/revisions\/840"}],"wp:attachment":[{"href":"https:\/\/www.ustarku.cz\/index.php?rest_route=%2Fwp%2Fv2%2Fmedia&parent=170"}],"curies":[{"name":"wp","href":"https:\/\/api.w.org\/{rel}","templated":true}]}}