{"id":12,"date":"2013-11-29T09:45:08","date_gmt":"2013-11-29T09:45:08","guid":{"rendered":"https:\/\/www.ustarku.cz?page_id=12"},"modified":"2026-01-23T09:33:31","modified_gmt":"2026-01-23T09:33:31","slug":"klub","status":"publish","type":"page","link":"https:\/\/www.ustarku.cz\/?page_id=12","title":{"rendered":"Klub"},"content":{"rendered":"<p style=\"text-align: left;\" align=\"center\">Ochutn\u00e1vky a pozn\u00e1v\u00e1n\u00ed na\u0161ich nejlep\u0161\u00edch vina\u0159sk\u00fdch oblast\u00ed a jejich v\u00edn v\u00e1s sezn\u00e1m\u00ed majitel \u010di samotn\u00fd v\u00fdrobce.<\/p>\n<p align=\"center\"><strong><span style=\"color: #339966;\">Nab\u00edz\u00edme k prodeji ve vinn\u00e9m sklep\u011b U St\u00e1rk\u016f lahvov\u00e1 v\u00edna z Vina\u0159stv\u00ed Vysko\u010dil.<\/span><\/strong><\/p>\n<p align=\"center\"><strong><span style=\"color: #339966;\">Historii Vina\u0159stv\u00ed Vysko\u010dil a cen\u00edk lahvov\u00edch v\u00edn <\/span><\/strong><\/p>\n<p align=\"center\"><strong><span style=\"color: #339966;\">najdete na hlavn\u00ed&nbsp; str\u00e1nce vinn\u00e9ho sklepa U St\u00e1rk\u016f.<\/span><\/strong><\/p>\n<p align=\"center\">&nbsp;<\/p>\n<p>&nbsp;<\/p>\n<p>&nbsp;<\/p>\n<p>&nbsp;<\/p>\n<p>&nbsp;<\/p>\n<p>&nbsp;<\/p>\n<p><em>&nbsp;<\/em><\/p>\n<p><strong>&nbsp;<\/strong><\/p>\n<p>&nbsp;<\/p>\n<p>&nbsp;<\/p>\n<p>&nbsp;<\/p>\n<p>&nbsp;<\/p>\n<p>&nbsp;<\/p>\n<p style=\"text-align: left;\" align=\"center\">&nbsp;<\/p>\n<p>&nbsp;<\/p>\n<p>&nbsp;<\/p>\n<p>&nbsp;<\/p>\n<p>&nbsp;<\/p>\n<p style=\"text-align: left;\" align=\"center\"><span style=\"text-decoration: underline;\"><strong><span style=\"color: #339966; text-decoration: underline;\">&nbsp;<\/span><\/strong><\/span><\/p>\n<p style=\"text-align: left;\" align=\"center\">&nbsp;<\/p>\n<p align=\"center\">&nbsp;<\/p>\n<p style=\"text-align: left;\" align=\"center\">&nbsp;<\/p>\n<p align=\"center\">&nbsp;<\/p>\n<p align=\"center\">&nbsp;<\/p>\n<p align=\"center\">&nbsp;<\/p>\n<p><strong>&nbsp;<\/strong><\/p>\n","protected":false},"excerpt":{"rendered":"<p>Ochutn\u00e1vky a pozn\u00e1v\u00e1n\u00ed na\u0161ich nejlep\u0161\u00edch vina\u0159sk\u00fdch oblast\u00ed a jejich v\u00edn v\u00e1s sezn\u00e1m\u00ed majitel \u010di samotn\u00fd v\u00fdrobce. Nab\u00edz\u00edme k prodeji ve vinn\u00e9m sklep\u011b U St\u00e1rk\u016f lahvov\u00e1 v\u00edna z Vina\u0159stv\u00ed Vysko\u010dil. Historii Vina\u0159stv\u00ed Vysko\u010dil a cen\u00edk lahvov\u00edch v\u00edn najdete na hlavn\u00ed&nbsp; str\u00e1nce vinn\u00e9ho sklepa U St\u00e1rk\u016f. &nbsp; &nbsp; &nbsp; &nbsp; &nbsp; &nbsp; &nbsp; &nbsp; &nbsp; &nbsp; &nbsp; [&hellip;]<\/p>\n","protected":false},"author":1,"featured_media":0,"parent":0,"menu_order":0,"comment_status":"open","ping_status":"open","template":"","meta":{"ngg_post_thumbnail":0},"_links":{"self":[{"href":"https:\/\/www.ustarku.cz\/index.php?rest_route=\/wp\/v2\/pages\/12"}],"collection":[{"href":"https:\/\/www.ustarku.cz\/index.php?rest_route=\/wp\/v2\/pages"}],"about":[{"href":"https:\/\/www.ustarku.cz\/index.php?rest_route=\/wp\/v2\/types\/page"}],"author":[{"embeddable":true,"href":"https:\/\/www.ustarku.cz\/index.php?rest_route=\/wp\/v2\/users\/1"}],"replies":[{"embeddable":true,"href":"https:\/\/www.ustarku.cz\/index.php?rest_route=%2Fwp%2Fv2%2Fcomments&post=12"}],"version-history":[{"count":370,"href":"https:\/\/www.ustarku.cz\/index.php?rest_route=\/wp\/v2\/pages\/12\/revisions"}],"predecessor-version":[{"id":868,"href":"https:\/\/www.ustarku.cz\/index.php?rest_route=\/wp\/v2\/pages\/12\/revisions\/868"}],"wp:attachment":[{"href":"https:\/\/www.ustarku.cz\/index.php?rest_route=%2Fwp%2Fv2%2Fmedia&parent=12"}],"curies":[{"name":"wp","href":"https:\/\/api.w.org\/{rel}","templated":true}]}}